

{"id":23,"date":"2014-09-26T12:21:30","date_gmt":"2014-09-26T12:21:30","guid":{"rendered":"http:\/\/ansattkort.no\/?page_id=23"},"modified":"2024-06-18T12:33:02","modified_gmt":"2024-06-18T12:33:02","slug":"kjopsbetingelser","status":"publish","type":"page","link":"https:\/\/ansattkort.no\/?page_id=23","title":{"rendered":"Kj\u00f8psbetingelser"},"content":{"rendered":"\n<h2 class=\"wp-block-heading\">Bestillings- og kj\u00f8psvilk\u00e5r<\/h2>\n\n\n\n<p>Disse alminnelige betingelser f\u00e5r anvendelse p\u00e5 alt salg fra ansattkort.no s\u00e5 fremt ikke annet er skriftlig avtalt partene imellom. Dette er en bindende avtale mellom deg som bestiller kort (Kunde) og ansattkort.no (Leverand\u00f8r). <\/p>\n\n\n\n<h2 class=\"wp-block-heading\">Generelt<\/h2>\n\n\n\n<p>Ansattkort.no eies av HMSoppl\u00e6ring AS org.nr. 997 971 639, men drives av Vestfold IT AS-<\/p>\n\n\n\n<p>Tjenesten g\u00e5r ut p\u00e5 at Kunden bestiller kort for en spesifikk bransje i n\u00e6ringslivet, og at Leverand\u00f8r effektuerer og leverer bestillingen per post.<\/p>\n\n\n\n<h2 class=\"wp-block-heading\">\nBestilling<\/h2>\n\n\n\n<p>Kunde bestiller ved \u00e5 sende e-post til post@ansattkort.no med de n\u00f8dvendige opplysninger og vedlegg som beskrives p\u00e5 bestillingssiden for den aktuelle tjenesten.<\/p>\n\n\n\n<p>Bestillingen regnes for \u00e5 v\u00e6re endelig, og Kundens betalingsforpliktelse etablert, n\u00e5r Leverand\u00f8r har mottatt bestilling. Bestillingen kan p\u00e5 grunn av oppdragets natur ikke angres etter dette tidspunktet.<\/p>\n\n\n\n<h2 class=\"wp-block-heading\">\nMangler<\/h2>\n\n\n\n<p>Ved mangler ved de solgte varer som forel\u00e5 p\u00e5 leveringstidspunktet og som ikke skyldes kj\u00f8peren eller forhold p\u00e5 hans side, har Leverand\u00f8ren ubetinget rett til, for egen kostnad, \u00e5 rette mangelen eller foreta omlevering. Etter levering skal kunden s\u00e5 snart det er mulig foreta en unders\u00f8kelse av de leverte varene. Mangler m\u00e5 rapporteres skriftlig innen ti \u2013 10 \u2013 virkedager etter varemottak. N\u00e5r Leverand\u00f8ren foretar retting eller omlevering kan ikke kj\u00f8peren gj\u00f8re ytterligere misligholdebef\u00f8yelser gjeldende.<\/p>\n\n\n\n<h2 class=\"wp-block-heading\">\nReklamasjon<\/h2>\n\n\n\n<p>Ved eventuell reklamasjon eller \u00f8nske om bytte av feilbestilte varer plikter kunden f\u00f8rst \u00e5 kontakte Leverand\u00f8ren. Det understrekes at eventuelle utgifter til frakt o.a. i forbindelse med reklamasjon eller retur m\u00e5 dekkes av kunden. Reklamasjon over feil og mangler m\u00e5 fremsettes uten ugrunnet opphold.<br>\nRetur<\/p>\n\n\n\n<p>Bestilte varer som ikke hentes og som sendes i retur uten avtale og varer uten feil eller mangler, men som allikevel \u00f8nskes returnert, blir belastet Kunden med minimum 25% av varens pris p\u00e5 returdagen. Varer som ikke lagerf\u00f8res tas ikke i retur og blir fakturert Kunden i sin helhet ved eventuell retur som ikke skriftlig er avtalt.<\/p>\n\n\n\n<h2 class=\"wp-block-heading\">\nPris<\/h2>\n\n\n\n<p>Pris per ID-kort er eks. mva. Prisen er lik for nye kort og fornyelser. Arbeidstilsynet krever at alle arbeidsgivere som m\u00e5 unntaksregistreres for MVA eller i NAVs Aa-register m\u00e5 fremlegge firmaattest. Hvis dette ikke vedlegges henter Leverand\u00f8r inn denne uten n\u00e6rmere avtale. Kostpris p\u00e5 kr 90,- vil bli fakturert.<br>Ved behov for unntaksregistering hos Arbeidstilsynet, m\u00e5 Kunden signere fullmakt\/bekreftelse som f\u00e5s tilsendt fra Leverand\u00f8r. Sammen med fullmakten m\u00e5 Kunden ogs\u00e5 sende med en gyldig firmaattest. Hvis ikke vil Leverand\u00f8r uten videre fakturere kunden kr XX,-, som er kostpris for innhenting av en slik attest.<br> Betaling<\/p>\n\n\n\n<p>Bestillinger faktureres med betalingsfrist p\u00e5 14 dager. Ved for sen betaling p\u00e5l\u00f8per forsinkelsesrenter og purregebyr. Ubetalte krav vil bli sendt til inkasso, og ytterligere kostnader p\u00e5l\u00f8per. Faktura sendes sammen med kortene per post.<\/p>\n\n\n\n<p>Hvis kortbestilling ikke kan gjennomf\u00f8res innen 14 dager, fordi ansatte ikke er innmeldt i de n\u00f8dvendige registrene (NAV Aa-registeret, Sentralskattekontoret for utlendinger) vil Leverand\u00f8r likevel sende faktura for bestillingen. Bestillingen effektueres senere, innen 90 dager fra bestillingstidspunkt, dersom registreringene er i orden og faktura er betalt.<\/p>\n\n\n\n<h2 class=\"wp-block-heading\">\nSalgspant<\/h2>\n\n\n\n<p>Leverand\u00f8ren har salgspant i de solgte varer til sikkerhet for sitt krav p\u00e5 kj\u00f8pesummen med tillegg av omkostninger og renter, jfr. pantelovens \u00a7\u00a7 3-14 flg.<br>\nFornyelser<\/p>\n\n\n\n<p>Leverand\u00f8r forbeholder seg retten til \u00e5 ta kontakt med Kunde f\u00f8r gyldigheten til ID-kortet l\u00f8per ut. Form\u00e5let er \u00e5 tilby \u00e5 fornye kort som l\u00f8per ut innen kort tid. Kunde har ingen forpliktelser ut over betalingsansvaret som p\u00e5l\u00f8per ved den f\u00f8rste bestillingen, men kan velge \u00e5 forplikte seg p\u00e5 nytt ved \u00e5 gi muntlig eller skriftlig samtykke til fornyelse.<\/p>\n\n\n\n<p>Ved bestilling gis Leverand\u00f8r lov til \u00e5 innhente tilgjengelig informasjon vedr\u00f8rende Kundens firma og ansatte. Denne informasjonen brukes kun til administrasjon av fornyelser.<\/p>\n\n\n\n<h2 class=\"wp-block-heading\">\nAnsvarsbegrensninger<\/h2>\n\n\n\n<p>Leverand\u00f8r gj\u00f8r sitt ytterste for \u00e5 leverere kortene s\u00e5 raskt som mulig. Kunden godtar likevel at Leverand\u00f8r ikke kan holdes ansvarlig verken direkte eller indirekte for noen skader eller tap som f\u00f8lger av feil eller forsinket levering, eller manglende oppf\u00f8lging av ID-kort der gyldigheten er i ferd med \u00e5 l\u00f8pe ut, eller har l\u00f8pt ut. Dette er inkludert, men ikke begrenset til, tap av fortjeneste, oppdrag eller kunder. Ansvarsfraskrivelsen gjelder selv om Kunde eller tredjepart har gjort Leverand\u00f8r oppmerksom p\u00e5 muligheten for en slik skade.<\/p>\n\n\n\n<p>Leverand\u00f8r er ikke ansvarlig \u00e5 kvalitetssikre data Kunden oppgir under bestilling. Bruker har eneansvar for \u00e5 oppbevare kortene trygt. Mistet kort m\u00e5 bestilles p\u00e5 nytt, og prisen er den samme som for et nytt kort.<\/p>\n\n\n\n<p>Leverand\u00f8r etterstreber \u00e5 gi god og riktig informasjon p\u00e5 nettstedet. Tekst og lenker kan imidlertid inneholde feil og\/eller mangler, og Leverand\u00f8r fraskriver seg ansvaret for eventuelle f\u00f8lger for Kunde eller tredjepart.<\/p>\n\n\n\n<h2 class=\"wp-block-heading\">\nTvister<\/h2>\n\n\n\n<p>Tvister i anledning disse vilk\u00e5rene, samt tvister som ang\u00e5r de omtalte og derav f\u00f8lgende rettsforhold, h\u00f8rer inn under de ordin\u00e6re domstoler, med Tilbyders til en hver tids gjeldende forretningsadresse som avgj\u00f8rende for valg av verneting.<\/p>\n\n\n\n<h2 class=\"wp-block-heading\">Personvernerkl\u00e6ring<\/h2>\n\n\n\n<p>ansattkort.no h\u00e5ndterer personopplysninger p\u00e5 en betryggende m\u00e5te.<\/p>\n\n\n\n<p>ansattkort.no selger ikke personopplysninger til tredjepart, og vi bytter eller videreformidler heller ikke slik informasjon med tredjepart.<\/p>\n\n\n\n<p>Vestfold IT&#8217;s personvernerkl\u00e6ring kan du finne her: <a href=\"https:\/\/www.vestfoldit.no\/personvernerklaering\/\">https:\/\/www.vestfoldit.no\/personvernerklaering\/<\/a><\/p>\n","protected":false},"excerpt":{"rendered":"<p>Bestillings- og kj\u00f8psvilk\u00e5r Disse alminnelige betingelser f\u00e5r anvendelse p\u00e5 alt salg fra ansattkort.no s\u00e5 fremt ikke annet er skriftlig avtalt <br \/><a class=\"read-more\" href=\"https:\/\/ansattkort.no\/?page_id=23\">(Les mer&#8230;)<\/a><\/p>\n","protected":false},"author":3,"featured_media":0,"parent":0,"menu_order":0,"comment_status":"open","ping_status":"open","template":"","meta":{"_acf_changed":false,"footnotes":""},"acf":[],"_links":{"self":[{"href":"https:\/\/ansattkort.no\/index.php?rest_route=\/wp\/v2\/pages\/23"}],"collection":[{"href":"https:\/\/ansattkort.no\/index.php?rest_route=\/wp\/v2\/pages"}],"about":[{"href":"https:\/\/ansattkort.no\/index.php?rest_route=\/wp\/v2\/types\/page"}],"author":[{"embeddable":true,"href":"https:\/\/ansattkort.no\/index.php?rest_route=\/wp\/v2\/users\/3"}],"replies":[{"embeddable":true,"href":"https:\/\/ansattkort.no\/index.php?rest_route=%2Fwp%2Fv2%2Fcomments&post=23"}],"version-history":[{"count":4,"href":"https:\/\/ansattkort.no\/index.php?rest_route=\/wp\/v2\/pages\/23\/revisions"}],"predecessor-version":[{"id":162,"href":"https:\/\/ansattkort.no\/index.php?rest_route=\/wp\/v2\/pages\/23\/revisions\/162"}],"wp:attachment":[{"href":"https:\/\/ansattkort.no\/index.php?rest_route=%2Fwp%2Fv2%2Fmedia&parent=23"}],"curies":[{"name":"wp","href":"https:\/\/api.w.org\/{rel}","templated":true}]}}